{"id":18,"date":"2014-02-05T13:26:08","date_gmt":"2014-02-05T11:26:08","guid":{"rendered":"http:\/\/bvsk.1a-kunden.de\/?page_id=18"},"modified":"2014-09-12T16:04:02","modified_gmt":"2014-09-12T14:04:02","slug":"vorgehen-bei-unfall","status":"publish","type":"page","link":"https:\/\/www.gutachter-burkel.de\/index.php\/vorgehen-bei-unfall\/","title":{"rendered":"Vorgehen bei Unfall"},"content":{"rendered":"<div class='flex_column av-av_one_half-2a9015ff38129c418a3f2eafba3e9512 av_one_half  avia-builder-el-0  el_before_av_one_half  avia-builder-el-first  first flex_column_div '     ><section  class='av_textblock_section av-av_textblock-022b42350836769d6ce97aa230d638e5'  itemscope=\"itemscope\" itemtype=\"https:\/\/schema.org\/CreativeWork\" ><div class='avia_textblock'  itemprop=\"text\" ><h2>Vorgehen bei Unfall<\/h2>\n<p>Als Unfallgesch\u00e4digter haben Sie nach einem Unfall grunds\u00e4tzlich\u00a0<strong>Anspruch auf Schadenserstattung<\/strong>\u00a0durch den Unfallverursacher.<\/p>\n<p>Die hier aufgef\u00fchrte Grafik veranschaulicht Ihnen, wie Sie bei einem Unfall geschickt vorgehen und zeigt Ihnen die wichtigsten Schritte auf, an die Sie unbedingt denken sollten.<\/p>\n<p>Der wichtigste Schritt ist es erst einmal, die\u00a0<strong>Unfallstelle<\/strong>\u00a0zu\u00a0<strong>sichern:<\/strong>\u00a0Warnblinkanlage anstellen, Warnweste anziehen und Warndreieck aufstellen. Unfallzeugen sollten Sie bitten, vor Ort zu warten, um eine Aussage zu machen.<\/p>\n<p>Bei Personensch\u00e4den erst den Rettungsdienst oder die\u00a0<strong>Polizei rufen<\/strong>\u00a0und dann\u00a0<strong>Erste Hilfe leisten<\/strong>.<\/p>\n<p><strong>Fotografieren Sie die Unfallstelle<\/strong>\u00a0umfassend: Sie ben\u00f6tigen Fotos der Sch\u00e4den am Auto sowie Fotos, die den Unfallhergang zeigen (Bremsspuren, Glas- und Lacksplitter). Beachten Sie, von einer \u00fcbersichtlichen Stelle aus Fotos der gesamten Unfallstelle zu machen.<\/p>\n<p>Nach diesen Schritten wichtig: Schalten Sie einen unabh\u00e4ngigen Kfz-Sachverst\u00e4ndigen ein, damit dieser den\u00a0<strong>Schaden zur Beweissicherung begutachten<\/strong>\u00a0kann und Ihnen somit eine Grundlage f\u00fcr die Geltendmachung des vollst\u00e4ndigen Schadens gibt.<\/p>\n<\/div><\/section><\/div>\n<div class='flex_column av-av_one_half-f78fb3c186c5ceb3cf0bf54353219056 av_one_half  avia-builder-el-2  el_after_av_one_half  avia-builder-el-last  flex_column_div '     ><section  class='av_textblock_section av-av_textblock-022b42350836769d6ce97aa230d638e5'  itemscope=\"itemscope\" itemtype=\"https:\/\/schema.org\/CreativeWork\" ><div class='avia_textblock'  itemprop=\"text\" ><p><img src=\"\/wp-content\/uploads\/2014\/09\/BVSK_Infografik_rot.png\" alt=\"bvsk_infografik\" \/><\/p>\n<\/div><\/section><\/div>\n","protected":false},"excerpt":{"rendered":"","protected":false},"author":3,"featured_media":0,"parent":0,"menu_order":0,"comment_status":"open","ping_status":"open","template":"","meta":[],"aioseo_notices":[],"_links":{"self":[{"href":"https:\/\/www.gutachter-burkel.de\/index.php\/wp-json\/wp\/v2\/pages\/18"}],"collection":[{"href":"https:\/\/www.gutachter-burkel.de\/index.php\/wp-json\/wp\/v2\/pages"}],"about":[{"href":"https:\/\/www.gutachter-burkel.de\/index.php\/wp-json\/wp\/v2\/types\/page"}],"author":[{"embeddable":true,"href":"https:\/\/www.gutachter-burkel.de\/index.php\/wp-json\/wp\/v2\/users\/3"}],"replies":[{"embeddable":true,"href":"https:\/\/www.gutachter-burkel.de\/index.php\/wp-json\/wp\/v2\/comments?post=18"}],"version-history":[{"count":5,"href":"https:\/\/www.gutachter-burkel.de\/index.php\/wp-json\/wp\/v2\/pages\/18\/revisions"}],"predecessor-version":[{"id":872,"href":"https:\/\/www.gutachter-burkel.de\/index.php\/wp-json\/wp\/v2\/pages\/18\/revisions\/872"}],"wp:attachment":[{"href":"https:\/\/www.gutachter-burkel.de\/index.php\/wp-json\/wp\/v2\/media?parent=18"}],"curies":[{"name":"wp","href":"https:\/\/api.w.org\/{rel}","templated":true}]}}