{"id":40,"date":"2014-02-14T11:21:22","date_gmt":"2014-02-14T09:21:22","guid":{"rendered":"http:\/\/bvsk.1a-kunden.de\/?page_id=40"},"modified":"2014-08-28T14:50:15","modified_gmt":"2014-08-28T12:50:15","slug":"geschichte","status":"publish","type":"page","link":"https:\/\/www.gutachter-burkel.de\/index.php\/ueber-uns\/geschichte\/","title":{"rendered":"Geschichte"},"content":{"rendered":"<div class='flex_column av-av_three_fourth-2a9015ff38129c418a3f2eafba3e9512 av_three_fourth  avia-builder-el-0  el_before_av_one_fourth  avia-builder-el-first  first flex_column_div '     ><section  class='av_textblock_section av-av_textblock-022b42350836769d6ce97aa230d638e5'  itemscope=\"itemscope\" itemtype=\"https:\/\/schema.org\/CreativeWork\" ><div class='avia_textblock'  itemprop=\"text\" ><h2>Geschichte<\/h2>\n<p>Seit 1995 steht der Kfz-Sachverst\u00e4ndige Harald Burkel f\u00fcr Neutralit\u00e4t und Kompetenz im Bereich der Gutachtenerstellung.<\/p>\n<p><strong>1989<\/strong> \u2013 Meisterbrief Kraftfahrzeugmechanikerhandwerk<br \/>\n<strong>1992<\/strong> \u2013 Staatlich gepr\u00fcfter Maschinenbautechniker<br \/>\n<strong>1995<\/strong> \u2013 Er\u00f6ffnung des Kfz-Sachverst\u00e4ndigenb\u00fcros Harald Burkel<br \/>\n<strong>2000<\/strong> \u2013 Eintritt in den BVSK<br \/>\n<strong>2002 <\/strong>\u2013 Bestellung zum ADAC-Vertragssachverst\u00e4ndigen<br \/>\n<strong>2004<\/strong> \u2013 Zertifizierter Sachverst\u00e4ndiger (IfS-Zert) f\u00fcr Kraftfahrzeugsch\u00e4den und -bewertung, IfS GmbH<br \/>\n<strong>2012<\/strong> \u2013 Eintritt in den erweiterten Vorstand des BVSK<\/p>\n<p>Um stets auf dem neuesten Stand der Technik zu sein, nehme ich regelm\u00e4\u00dfig an Fort- und Weiterbildungen teil und sichere so meine hohe Qualifikation.<\/p>\n<\/div><\/section><\/div><div class='flex_column av-av_one_fourth-f78fb3c186c5ceb3cf0bf54353219056 av_one_fourth  avia-builder-el-2  el_after_av_three_fourth  el_before_av_image  flex_column_div '     ><div  class='avia-builder-widget-area clearfix  avia-builder-el-3  avia-builder-el-no-sibling '><section id=\"text-10\" class=\"widget clearfix widget_text\">\t\t\t<div class=\"textwidget\"><div class=\"sidecontact\">\n<h2>Kontakt<\/h2>\n<hr \/>\n<table>\n<tbody>\n<tr>\n<td>\n<h6>Sachverst\u00e4ndigenb\u00fcro Burkel<\/h6>\n<\/td>\n<\/tr>\n<\/tbody>\n<\/table>\n<table>\n<tbody>\n<tr>\n<td>Untere Weinleite 3<\/td>\n<\/tr>\n<tr>\n<td>91245 Simmelsdorf<\/td>\n<\/tr>\n<\/tbody>\n<\/table>\n<table>\n<tbody>\n<tr>\n<td>Telefon:<\/td>\n<td>09155 \/ 927 400<\/td>\n<\/tr>\n<tr>\n<td>Telefax:<\/td>\n<td>09155 \/ 927 402<\/td>\n<\/tr>\n<tr>\n<td>Mobil:<\/td>\n<td>0171 \/ 350 80 95<\/td>\n<\/tr>\n<\/tbody>\n<\/table>\n<table>\n<tbody>\n<tr>\n<td>E-Mail:<\/td>\n<td><a href=\"mailto:info@gutachter-burkel.de\">info@gutachter-burkel.de<\/a><\/td>\n<\/tr>\n<\/tbody>\n<\/table>\n<\/div>\n<div class=\"avia-button-wrap avia-button-center avia-builder-el-11 el_after_av_one_fourth avia-builder-el-last \"><\/div>\n<\/div>\n\t\t<span class=\"seperator extralight-border\"><\/span><\/section><\/div><\/div><\/p>\n\n","protected":false},"excerpt":{"rendered":"","protected":false},"author":3,"featured_media":0,"parent":14,"menu_order":0,"comment_status":"open","ping_status":"open","template":"","meta":[],"aioseo_notices":[],"_links":{"self":[{"href":"https:\/\/www.gutachter-burkel.de\/index.php\/wp-json\/wp\/v2\/pages\/40"}],"collection":[{"href":"https:\/\/www.gutachter-burkel.de\/index.php\/wp-json\/wp\/v2\/pages"}],"about":[{"href":"https:\/\/www.gutachter-burkel.de\/index.php\/wp-json\/wp\/v2\/types\/page"}],"author":[{"embeddable":true,"href":"https:\/\/www.gutachter-burkel.de\/index.php\/wp-json\/wp\/v2\/users\/3"}],"replies":[{"embeddable":true,"href":"https:\/\/www.gutachter-burkel.de\/index.php\/wp-json\/wp\/v2\/comments?post=40"}],"version-history":[{"count":5,"href":"https:\/\/www.gutachter-burkel.de\/index.php\/wp-json\/wp\/v2\/pages\/40\/revisions"}],"predecessor-version":[{"id":849,"href":"https:\/\/www.gutachter-burkel.de\/index.php\/wp-json\/wp\/v2\/pages\/40\/revisions\/849"}],"up":[{"embeddable":true,"href":"https:\/\/www.gutachter-burkel.de\/index.php\/wp-json\/wp\/v2\/pages\/14"}],"wp:attachment":[{"href":"https:\/\/www.gutachter-burkel.de\/index.php\/wp-json\/wp\/v2\/media?parent=40"}],"curies":[{"name":"wp","href":"https:\/\/api.w.org\/{rel}","templated":true}]}}