{"id":42,"date":"2014-02-14T11:21:41","date_gmt":"2014-02-14T09:21:41","guid":{"rendered":"http:\/\/bvsk.1a-kunden.de\/?page_id=42"},"modified":"2014-09-16T13:00:30","modified_gmt":"2014-09-16T11:00:30","slug":"partner","status":"publish","type":"page","link":"https:\/\/www.gutachter-burkel.de\/index.php\/ueber-uns\/partner\/","title":{"rendered":"Partner"},"content":{"rendered":"<div class='flex_column av-av_one_full-2a9015ff38129c418a3f2eafba3e9512 av_one_full  avia-builder-el-0  el_before_av_one_third  avia-builder-el-first  first flex_column_div '     ><section  class='av_textblock_section av-av_textblock-022b42350836769d6ce97aa230d638e5'  itemscope=\"itemscope\" itemtype=\"https:\/\/schema.org\/CreativeWork\" ><div class='avia_textblock'  itemprop=\"text\" ><h2>Partner<\/h2>\n<p>Ich pflege eine gute und langj\u00e4hrige Zusammenarbeit mit folgenden Partnern:<\/p>\n<\/div><\/section><\/div>\n<div class='flex_column av-av_one_third-2a9015ff38129c418a3f2eafba3e9512 av_one_third  avia-builder-el-2  el_after_av_one_full  el_before_av_two_third  first flex_column_div column-top-margin'     ><style type=\"text\/css\" data-created_by=\"avia_inline_auto\" id=\"style-css-av-av_image-74d2538fabfc21a1f9be784246bcd0fe\">\n.avia-image-container.av-av_image-74d2538fabfc21a1f9be784246bcd0fe img.avia_image{\nbox-shadow:none;\n}\n.avia-image-container.av-av_image-74d2538fabfc21a1f9be784246bcd0fe .av-image-caption-overlay-center{\ncolor:#ffffff;\n}\n<\/style>\n<div  class='avia-image-container av-av_image-74d2538fabfc21a1f9be784246bcd0fe av-styling- avia-align-center  avia-builder-el-3  avia-builder-el-no-sibling '   itemprop=\"image\" itemscope=\"itemscope\" itemtype=\"https:\/\/schema.org\/ImageObject\" ><div class=\"avia-image-container-inner\"><div class=\"avia-image-overlay-wrap\"><a href=\"http:\/\/www.bvsk.de\/\" class='avia_image' ><img class='wp-image-475 avia-img-lazy-loading-not-475 avia_image ' src='https:\/\/www.gutachter-burkel.de\/wp-content\/uploads\/2014\/02\/BVSK-Logo.jpg' alt='' title='BVSK-Logo'   itemprop=\"thumbnailUrl\"  \/><\/a><\/div><\/div><\/div><\/div>\n<div class='flex_column av-av_two_third-f78fb3c186c5ceb3cf0bf54353219056 av_two_third  avia-builder-el-4  el_after_av_one_third  el_before_av_one_third  flex_column_div column-top-margin'     ><section  class='av_textblock_section av-av_textblock-022b42350836769d6ce97aa230d638e5'  itemscope=\"itemscope\" itemtype=\"https:\/\/schema.org\/CreativeWork\" ><div class='avia_textblock'  itemprop=\"text\" ><h2>BVSK e.V.<\/h2>\n<p>Die Mitgliedschaft im Bundesverband der freiberuflichen und unabh\u00e4ngigen Sachverst\u00e4ndigen f\u00fcr das Kraftfahrzeugwesen e.V. (BVSK) sichert durch standardisierte Qualit\u00e4tssicherungsmethoden und Zertifizierungen ein hohes Ma\u00df an Kompetenz!<\/p>\n<\/div><\/section><\/div>\n<div class='flex_column av-av_one_third-2a9015ff38129c418a3f2eafba3e9512 av_one_third  avia-builder-el-6  el_after_av_two_third  el_before_av_two_third  first flex_column_div column-top-margin'     ><style type=\"text\/css\" data-created_by=\"avia_inline_auto\" id=\"style-css-av-av_image-a8484b6d2a03fb876364b36919f78fec\">\n.avia-image-container.av-av_image-a8484b6d2a03fb876364b36919f78fec img.avia_image{\nbox-shadow:none;\n}\n.avia-image-container.av-av_image-a8484b6d2a03fb876364b36919f78fec .av-image-caption-overlay-center{\ncolor:#ffffff;\n}\n<\/style>\n<div  class='avia-image-container av-av_image-a8484b6d2a03fb876364b36919f78fec av-styling- avia-align-center  avia-builder-el-7  avia-builder-el-no-sibling '   itemprop=\"image\" itemscope=\"itemscope\" itemtype=\"https:\/\/schema.org\/ImageObject\" ><div class=\"avia-image-container-inner\"><div class=\"avia-image-overlay-wrap\"><a href=\"http:\/\/www.ifsforum.de\/\" class='avia_image' ><img class='wp-image-768 avia-img-lazy-loading-not-768 avia_image ' src='https:\/\/www.gutachter-burkel.de\/wp-content\/uploads\/2014\/02\/logo_ifs1.jpg' alt='' title='logo_ifs'   itemprop=\"thumbnailUrl\"  \/><\/a><\/div><\/div><\/div><\/div>\n<div class='flex_column av-av_two_third-f78fb3c186c5ceb3cf0bf54353219056 av_two_third  avia-builder-el-8  el_after_av_one_third  el_before_av_one_third  flex_column_div column-top-margin'     ><section  class='av_textblock_section av-av_textblock-022b42350836769d6ce97aa230d638e5'  itemscope=\"itemscope\" itemtype=\"https:\/\/schema.org\/CreativeWork\" ><div class='avia_textblock'  itemprop=\"text\" ><h2>IfS<\/h2>\n<p>Harald Burkel ist von der IfS GmbH zertifizierter Sachverst\u00e4ndige f\u00fcr Kraftfahrzeugsch\u00e4den und -bewertungen. Damit sichern wir Ihnen einen nachweislich hohen Qualit\u00e4tsstandard und sind kompetenter Ansprechpartner in allen Sachverst\u00e4ndigenfragen.<\/p>\n<\/div><\/section><\/div><div class='flex_column av-av_one_third-2a9015ff38129c418a3f2eafba3e9512 av_one_third  avia-builder-el-10  el_after_av_two_third  el_before_av_two_third  first flex_column_div column-top-margin'     ><style type=\"text\/css\" data-created_by=\"avia_inline_auto\" id=\"style-css-av-av_image-75887c4b6876dd29d9c2f3046afb3d05\">\n.avia-image-container.av-av_image-75887c4b6876dd29d9c2f3046afb3d05 img.avia_image{\nbox-shadow:none;\n}\n.avia-image-container.av-av_image-75887c4b6876dd29d9c2f3046afb3d05 .av-image-caption-overlay-center{\ncolor:#ffffff;\n}\n<\/style>\n<div  class='avia-image-container av-av_image-75887c4b6876dd29d9c2f3046afb3d05 av-styling- avia-align-center  avia-builder-el-11  avia-builder-el-no-sibling '   itemprop=\"image\" itemscope=\"itemscope\" itemtype=\"https:\/\/schema.org\/ImageObject\" ><div class=\"avia-image-container-inner\"><div class=\"avia-image-overlay-wrap\"><a href=\"http:\/\/www.dat.de\/home.html\" class='avia_image' ><img class='wp-image-651 avia-img-lazy-loading-not-651 avia_image ' src='https:\/\/www.gutachter-burkel.de\/wp-content\/uploads\/2014\/02\/DAT1.jpg' alt='' title='DAT'   itemprop=\"thumbnailUrl\"  \/><\/a><\/div><\/div><\/div><\/div><\/p>\n<div class='flex_column av-av_two_third-f78fb3c186c5ceb3cf0bf54353219056 av_two_third  avia-builder-el-12  el_after_av_one_third  el_before_av_one_third  flex_column_div column-top-margin'     ><section  class='av_textblock_section av-av_textblock-022b42350836769d6ce97aa230d638e5'  itemscope=\"itemscope\" itemtype=\"https:\/\/schema.org\/CreativeWork\" ><div class='avia_textblock'  itemprop=\"text\" ><h2>DAT<\/h2>\n<p>Als Vertragspartner der Deutschen Automobil Treuhand GmbH (DAT) erhalten Sie von mir DAT-Sch\u00e4tzungen, Gebrauchtwagen-Pr\u00fcfgutachten und Bewertungsgutachten nach den jeweils aktuellen Daten.<\/p>\n<\/div><\/section><\/div>\n<div class='flex_column av-av_one_third-2a9015ff38129c418a3f2eafba3e9512 av_one_third  avia-builder-el-14  el_after_av_two_third  el_before_av_two_third  first flex_column_div column-top-margin'     ><style type=\"text\/css\" data-created_by=\"avia_inline_auto\" id=\"style-css-av-av_image-20f4150a16d52bc421ec92cbf54536d9\">\n.avia-image-container.av-av_image-20f4150a16d52bc421ec92cbf54536d9 img.avia_image{\nbox-shadow:none;\n}\n.avia-image-container.av-av_image-20f4150a16d52bc421ec92cbf54536d9 .av-image-caption-overlay-center{\ncolor:#ffffff;\n}\n<\/style>\n<div  class='avia-image-container av-av_image-20f4150a16d52bc421ec92cbf54536d9 av-styling- avia-align-center  avia-builder-el-15  avia-builder-el-no-sibling '   itemprop=\"image\" itemscope=\"itemscope\" itemtype=\"https:\/\/schema.org\/ImageObject\" ><div class=\"avia-image-container-inner\"><div class=\"avia-image-overlay-wrap\"><a href=\"http:\/\/www.adac.de\/\" class='avia_image' ><img class='wp-image-861 avia-img-lazy-loading-not-861 avia_image ' src='https:\/\/www.gutachter-burkel.de\/wp-content\/uploads\/2014\/02\/adacvs.jpg' alt='' title='adacvs'   itemprop=\"thumbnailUrl\"  \/><\/a><\/div><\/div><\/div><\/div>\n<div class='flex_column av-av_two_third-f78fb3c186c5ceb3cf0bf54353219056 av_two_third  avia-builder-el-16  el_after_av_one_third  avia-builder-el-last  flex_column_div column-top-margin'     ><section  class='av_textblock_section av-av_textblock-022b42350836769d6ce97aa230d638e5'  itemscope=\"itemscope\" itemtype=\"https:\/\/schema.org\/CreativeWork\" ><div class='avia_textblock'  itemprop=\"text\" ><h2>ADAC<\/h2>\n<p>Als ADAC-Vertragssachverst\u00e4ndiger erstelle ich Ihr unabh\u00e4ngiges Gutachten. Auch wenn Sie als ADAC-Mitglied einen technischen Rat w\u00fcnschen, sind Sie bei mir herzlich willkommen.<\/p>\n<\/div><\/section><\/div>\n","protected":false},"excerpt":{"rendered":"","protected":false},"author":3,"featured_media":0,"parent":14,"menu_order":0,"comment_status":"open","ping_status":"open","template":"","meta":[],"aioseo_notices":[],"_links":{"self":[{"href":"https:\/\/www.gutachter-burkel.de\/index.php\/wp-json\/wp\/v2\/pages\/42"}],"collection":[{"href":"https:\/\/www.gutachter-burkel.de\/index.php\/wp-json\/wp\/v2\/pages"}],"about":[{"href":"https:\/\/www.gutachter-burkel.de\/index.php\/wp-json\/wp\/v2\/types\/page"}],"author":[{"embeddable":true,"href":"https:\/\/www.gutachter-burkel.de\/index.php\/wp-json\/wp\/v2\/users\/3"}],"replies":[{"embeddable":true,"href":"https:\/\/www.gutachter-burkel.de\/index.php\/wp-json\/wp\/v2\/comments?post=42"}],"version-history":[{"count":5,"href":"https:\/\/www.gutachter-burkel.de\/index.php\/wp-json\/wp\/v2\/pages\/42\/revisions"}],"predecessor-version":[{"id":873,"href":"https:\/\/www.gutachter-burkel.de\/index.php\/wp-json\/wp\/v2\/pages\/42\/revisions\/873"}],"up":[{"embeddable":true,"href":"https:\/\/www.gutachter-burkel.de\/index.php\/wp-json\/wp\/v2\/pages\/14"}],"wp:attachment":[{"href":"https:\/\/www.gutachter-burkel.de\/index.php\/wp-json\/wp\/v2\/media?parent=42"}],"curies":[{"name":"wp","href":"https:\/\/api.w.org\/{rel}","templated":true}]}}