{"id":50,"date":"2014-02-14T11:23:45","date_gmt":"2014-02-14T09:23:45","guid":{"rendered":"http:\/\/bvsk.1a-kunden.de\/?page_id=50"},"modified":"2014-08-29T12:40:51","modified_gmt":"2014-08-29T10:40:51","slug":"kfz-schaeden-bewertung","status":"publish","type":"page","link":"https:\/\/www.gutachter-burkel.de\/index.php\/leistung\/kfz-schaeden-bewertung\/","title":{"rendered":"Kfz-Sch\u00e4den-Bewertung"},"content":{"rendered":"<div class='flex_column av-av_three_fourth-2a9015ff38129c418a3f2eafba3e9512 av_three_fourth  avia-builder-el-0  el_before_av_one_fourth  avia-builder-el-first  first flex_column_div '     ><section  class='av_textblock_section av-av_textblock-022b42350836769d6ce97aa230d638e5'  itemscope=\"itemscope\" itemtype=\"https:\/\/schema.org\/CreativeWork\" ><div class='avia_textblock'  itemprop=\"text\" ><h2>Kfz-Sch\u00e4den-Bewertung<\/h2>\n<h3>Vom BVSK anerkannter Kfz-Sachverst\u00e4ndiger f\u00fcr Fahrzeugsch\u00e4den und Kfz-Bewertung<\/h3>\n<p>Das typische Einsatzgebiet des Kfz-Sachverst\u00e4ndigen liegt in der Schadenfeststellung nach einem Verkehrsunfall sowie in der Bewertung eines Kraftfahrzeuges.<\/p>\n<p>Der Beruf des Kfz-Sachverst\u00e4ndigen ist bedauerlicherweise gesetzlich nicht geregelt. Daher hat der BVSK die Initiative ergriffen,\u00a0<strong>Qualit\u00e4tsstandards<\/strong> zumindest privatrechtlich zu verankern, um dem Verbraucher Anhaltspunkte zu geben, ob der beauftragte Kfz-Sachverst\u00e4ndige unabh\u00e4ngig und qualitativ hochwertig arbeitet.<\/p>\n<p>Als Mitglied des BVSK bin ich anerkannter Kfz-Sachverst\u00e4ndiger f\u00fcr Fahrzeugsch\u00e4den und Fahrzeugbewertung.<\/p>\n<p>Jeder BVSK-Sachverst\u00e4ndige muss entweder die Pr\u00fcfung vor einer Industrie- und Handelskammer oder vor einem verbandseigenen Pr\u00fcfungsausschuss nach \u00e4hnlichen Pr\u00fcfungskriterien ablegen bzw. der Zertifizierung einer anerkannten Zertifizierungsstelle nachkommen.<\/p>\n<p>Grunds\u00e4tzlich sollte <strong>kein Verkehrsunfall ohne unabh\u00e4ngigen Kfz-Sachverst\u00e4ndigen<\/strong>\u00a0abgewickelt werden. Der Gesch\u00e4digte, aber genauso der regulierungspflichtige Versicherer, ben\u00f6tigt f\u00fcr eine objektive Schadenfeststellung die weisungsfreie T\u00e4tigkeit eines Kfz-Sachverst\u00e4ndigen.<\/p>\n<p>Alle Sachverst\u00e4ndigen im BVSK erstellen Gutachten im Bereich der Feststellung von Unfallsch\u00e4den.<\/p>\n<p>Dar\u00fcber hinaus gewinnt die <strong>Fahrzeugbewertung<\/strong> &#8211; sei es bei Leasingfahrzeugen, bei einem Totalschaden, bei Oldtimern oder auch nur im Rahmen der Gebrauchtwagen-Kaufberatung \u2013 an Bedeutung. Auch die Fahrzeugbewertung geh\u00f6rt zu den Standardaufgaben des anerkannten BVSK-Sachverst\u00e4ndigen.<\/p>\n<p>Im Bereich des unverschuldeten Verkehrsunfalles hat die Rechtsprechung dar\u00fcber hinaus mehrfach best\u00e4tigt, dass der Gesch\u00e4digte bei einem unverschuldeten Verkehrsunfall das Recht hat, in jedem Fall einen Sachverst\u00e4ndigen seines Vertrauens mit der Schadenfeststellung zu beauftragen.<\/p>\n<\/div><\/section><\/div><div class='flex_column av-av_one_fourth-f78fb3c186c5ceb3cf0bf54353219056 av_one_fourth  avia-builder-el-2  el_after_av_three_fourth  avia-builder-el-last  flex_column_div '     ><div  class='avia-builder-widget-area clearfix  avia-builder-el-3  avia-builder-el-no-sibling '><section id=\"text-10\" class=\"widget clearfix widget_text\">\t\t\t<div class=\"textwidget\"><div class=\"sidecontact\">\n<h2>Kontakt<\/h2>\n<hr \/>\n<table>\n<tbody>\n<tr>\n<td>\n<h6>Sachverst\u00e4ndigenb\u00fcro Burkel<\/h6>\n<\/td>\n<\/tr>\n<\/tbody>\n<\/table>\n<table>\n<tbody>\n<tr>\n<td>Untere Weinleite 3<\/td>\n<\/tr>\n<tr>\n<td>91245 Simmelsdorf<\/td>\n<\/tr>\n<\/tbody>\n<\/table>\n<table>\n<tbody>\n<tr>\n<td>Telefon:<\/td>\n<td>09155 \/ 927 400<\/td>\n<\/tr>\n<tr>\n<td>Telefax:<\/td>\n<td>09155 \/ 927 402<\/td>\n<\/tr>\n<tr>\n<td>Mobil:<\/td>\n<td>0171 \/ 350 80 95<\/td>\n<\/tr>\n<\/tbody>\n<\/table>\n<table>\n<tbody>\n<tr>\n<td>E-Mail:<\/td>\n<td><a href=\"mailto:info@gutachter-burkel.de\">info@gutachter-burkel.de<\/a><\/td>\n<\/tr>\n<\/tbody>\n<\/table>\n<\/div>\n<div class=\"avia-button-wrap avia-button-center avia-builder-el-11 el_after_av_one_fourth avia-builder-el-last \"><\/div>\n<\/div>\n\t\t<span class=\"seperator extralight-border\"><\/span><\/section><\/div><\/div><\/p>\n","protected":false},"excerpt":{"rendered":"","protected":false},"author":3,"featured_media":0,"parent":16,"menu_order":0,"comment_status":"open","ping_status":"open","template":"","meta":[],"aioseo_notices":[],"_links":{"self":[{"href":"https:\/\/www.gutachter-burkel.de\/index.php\/wp-json\/wp\/v2\/pages\/50"}],"collection":[{"href":"https:\/\/www.gutachter-burkel.de\/index.php\/wp-json\/wp\/v2\/pages"}],"about":[{"href":"https:\/\/www.gutachter-burkel.de\/index.php\/wp-json\/wp\/v2\/types\/page"}],"author":[{"embeddable":true,"href":"https:\/\/www.gutachter-burkel.de\/index.php\/wp-json\/wp\/v2\/users\/3"}],"replies":[{"embeddable":true,"href":"https:\/\/www.gutachter-burkel.de\/index.php\/wp-json\/wp\/v2\/comments?post=50"}],"version-history":[{"count":5,"href":"https:\/\/www.gutachter-burkel.de\/index.php\/wp-json\/wp\/v2\/pages\/50\/revisions"}],"predecessor-version":[{"id":859,"href":"https:\/\/www.gutachter-burkel.de\/index.php\/wp-json\/wp\/v2\/pages\/50\/revisions\/859"}],"up":[{"embeddable":true,"href":"https:\/\/www.gutachter-burkel.de\/index.php\/wp-json\/wp\/v2\/pages\/16"}],"wp:attachment":[{"href":"https:\/\/www.gutachter-burkel.de\/index.php\/wp-json\/wp\/v2\/media?parent=50"}],"curies":[{"name":"wp","href":"https:\/\/api.w.org\/{rel}","templated":true}]}}